{"id":2640,"date":"2026-04-19T06:56:48","date_gmt":"2026-04-19T06:56:48","guid":{"rendered":"https:\/\/aimpulse.io\/?page_id=2640"},"modified":"2026-04-27T08:47:14","modified_gmt":"2026-04-27T08:47:14","slug":"blog","status":"publish","type":"page","link":"https:\/\/aimpulse.io\/fi\/blog\/","title":{"rendered":"Blogi"},"content":{"rendered":"<div data-elementor-type=\"wp-page\" data-elementor-id=\"2640\" class=\"elementor elementor-2640\" data-elementor-post-type=\"page\">\n\t\t\t\t<div data-particle_enable=\"false\" data-particle-mobile-disabled=\"false\" class=\"elementor-element elementor-element-68f65ea7 e-flex e-con-boxed e-con e-parent\" data-id=\"68f65ea7\" data-element_type=\"container\" data-e-type=\"container\" data-settings=\"{&quot;background_background&quot;:&quot;classic&quot;}\">\n\t\t\t\t\t<div class=\"e-con-inner\">\n\t\t<div data-particle_enable=\"false\" data-particle-mobile-disabled=\"false\" class=\"elementor-element elementor-element-55547eaf e-con-full e-flex e-con e-child\" data-id=\"55547eaf\" data-element_type=\"container\" data-e-type=\"container\">\n\t\t\t\t<div class=\"elementor-element elementor-element-5f2d5a25 elementor-widget elementor-widget-hfe-infocard\" data-id=\"5f2d5a25\" data-element_type=\"widget\" data-e-type=\"widget\" data-widget_type=\"hfe-infocard.default\">\n\t\t\t\t<div class=\"elementor-widget-container\">\n\t\t\t\t\t\n\t\t<div class=\"hfe-infocard\">\n\t\t\t\t\t\t\t\t\t<div class=\"hfe-infocard-title-wrap\">\n\t\t\t\t<h1 class=\"hfe-infocard-title elementor-inline-editing\" data-elementor-setting-key=\"infocard_title\" data-elementor-inline-editing-toolbar=\"basic\" >Blogimme<\/h1>\t\t\t<\/div>\n\t\t\t\t\t\t<div class=\"hfe-infocard-text-wrap\">\n\t\t\t\t<div class=\"hfe-infocard-text elementor-inline-editing\" data-elementor-setting-key=\"infocard_description\" data-elementor-inline-editing-toolbar=\"advanced\">\n\t\t\t\t\t<b> N\u00e4kemyksi\u00e4 ja perspektiivej\u00e4 <\/br>\nMiss\u00e4 strategia kohtaa innovaation teko\u00e4lyss\u00e4, kyberturvallisuudessa ja digitaalisessa kasvussa.\t\t\t\t<\/div>\n\t\t\t\t\t\t\t<\/div>\n\t\t<\/div>\n\n\t\t\t\t\t\t<\/div>\n\t\t\t\t<\/div>\n\t\t\t\t<\/div>\n\t\t\t\t\t<\/div>\n\t\t\t\t<\/div>\n\t\t<div data-particle_enable=\"false\" data-particle-mobile-disabled=\"false\" class=\"elementor-element elementor-element-ff85a70 e-con-full e-flex e-con e-parent\" data-id=\"ff85a70\" data-element_type=\"container\" data-e-type=\"container\">\n\t\t\t\t<div class=\"elementor-element elementor-element-e9e0420 elementor-grid-4 elementor-grid-tablet-2 elementor-grid-mobile-1 elementor-widget elementor-widget-eael-dynamic-filterable-gallery\" data-id=\"e9e0420\" data-element_type=\"widget\" data-e-type=\"widget\" data-settings=\"{&quot;eael_fg_columns&quot;:&quot;4&quot;,&quot;eael_fg_columns_tablet&quot;:&quot;2&quot;,&quot;eael_fg_columns_mobile&quot;:&quot;1&quot;}\" data-widget_type=\"eael-dynamic-filterable-gallery.default\">\n\t\t\t\t<div class=\"elementor-widget-container\">\n\t\t\t\t\t<div id=\"eael-filter-gallery-wrapper-e9e0420\" class=\"eael-filter-gallery-wrapper\"><div class=\"eael-filter-gallery-control\">\n                    <ul>\n                        <li class=\"control active dynamic-gallery-category\" data-filter=\"*\">Kaikki<\/li><\/ul>\n                <\/div><div class=\"eael-filter-gallery-container eael-post-appender eael-post-appender-e9e0420 grid eael-cards 4\" data-settings=\"{&quot;item_style&quot;:&quot;eael-cards&quot;,&quot;duration&quot;:500,&quot;layout_mode&quot;:&quot;grid&quot;}\"><div class=\"dynamic-gallery-item ai-insights ai-trends-2026 european-tech future-of-ai thought-leadership ai-insights ai-trends-2026 european-tech future-of-ai thought-leadership\">\n        <div class=\"dynamic-gallery-item-inner\" data-itemid=\" 2748 \"><div class=\"dynamic-gallery-thumbnail\"><img decoding=\"async\" src=\"https:\/\/aimpulse.io\/wp-content\/uploads\/2026\/04\/ai-trends-cover-300x158.png\" alt=\"ai-trends-europe-2026\"><div class=\"caption eael-fade-in\"><div class=\"buttons\"><\/div><\/div><\/div> <div class=\"item-content\"><h2 class=\"title\"><a href=\"https:\/\/aimpulse.io\/fi\/top-ai-trends-in-europe-ai-trends-europe-2026\/\">Teko\u00e4lyn top-trendit Euroopassa vuonna 2026: Mit\u00e4 yritysten tulee tiet\u00e4\u00e4<\/a><\/h2><p>Johdanto: Teko\u00e4ly ei ole en\u00e4\u00e4 tulevaisuuden etu \u2013 se on nykyp\u00e4iv\u00e4n vaatimus.<a class=\"eael_post_excerpt_read_more\" href=\"https:\/\/aimpulse.io\/fi\/top-ai-trends-in-europe-ai-trends-europe-2026\/\"> Lue lis\u00e4\u00e4<\/a><\/p><\/div>\n        <\/div>\n    <\/div><\/div><\/div>\t\t\t\t<\/div>\n\t\t\t\t<\/div>\n\t\t\t\t<\/div>\n\t\t\t\t<\/div>","protected":false},"excerpt":{"rendered":"<p>Our Blog Insights &amp; Perspectives Where strategy meets innovation in AI, cybersecurity, and digital growth. All Hello world! h2 h2 Welcome to WordPress. This is your first post. Edit or Read More Elementor #2670<\/p>","protected":false},"author":2,"featured_media":0,"parent":0,"menu_order":0,"comment_status":"closed","ping_status":"closed","template":"","meta":{"site-sidebar-layout":"no-sidebar","site-content-layout":"page-builder","ast-site-content-layout":"full-width-container","site-content-style":"unboxed","site-sidebar-style":"default","ast-global-header-display":"","ast-banner-title-visibility":"","ast-main-header-display":"","ast-hfb-above-header-display":"","ast-hfb-below-header-display":"","ast-hfb-mobile-header-display":"","site-post-title":"disabled","ast-breadcrumbs-content":"","ast-featured-img":"disabled","footer-sml-layout":"","ast-disable-related-posts":"","theme-transparent-header-meta":"enabled","adv-header-id-meta":"","stick-header-meta":"","header-above-stick-meta":"","header-main-stick-meta":"","header-below-stick-meta":"","astra-migrate-meta-layouts":"set","ast-page-background-enabled":"default","ast-page-background-meta":{"desktop":{"background-color":"","background-image":"","background-repeat":"repeat","background-position":"center center","background-size":"auto","background-attachment":"scroll","background-type":"","background-media":"","overlay-type":"","overlay-color":"","overlay-opacity":"","overlay-gradient":""},"tablet":{"background-color":"","background-image":"","background-repeat":"repeat","background-position":"center center","background-size":"auto","background-attachment":"scroll","background-type":"","background-media":"","overlay-type":"","overlay-color":"","overlay-opacity":"","overlay-gradient":""},"mobile":{"background-color":"","background-image":"","background-repeat":"repeat","background-position":"center center","background-size":"auto","background-attachment":"scroll","background-type":"","background-media":"","overlay-type":"","overlay-color":"","overlay-opacity":"","overlay-gradient":""}},"ast-content-background-meta":{"desktop":{"background-color":"var(--ast-global-color-5)","background-image":"","background-repeat":"repeat","background-position":"center center","background-size":"auto","background-attachment":"scroll","background-type":"","background-media":"","overlay-type":"","overlay-color":"","overlay-opacity":"","overlay-gradient":""},"tablet":{"background-color":"var(--ast-global-color-5)","background-image":"","background-repeat":"repeat","background-position":"center center","background-size":"auto","background-attachment":"scroll","background-type":"","background-media":"","overlay-type":"","overlay-color":"","overlay-opacity":"","overlay-gradient":""},"mobile":{"background-color":"var(--ast-global-color-5)","background-image":"","background-repeat":"repeat","background-position":"center center","background-size":"auto","background-attachment":"scroll","background-type":"","background-media":"","overlay-type":"","overlay-color":"","overlay-opacity":"","overlay-gradient":""}},"footnotes":""},"class_list":["post-2640","page","type-page","status-publish","hentry"],"_links":{"self":[{"href":"https:\/\/aimpulse.io\/fi\/wp-json\/wp\/v2\/pages\/2640","targetHints":{"allow":["GET"]}}],"collection":[{"href":"https:\/\/aimpulse.io\/fi\/wp-json\/wp\/v2\/pages"}],"about":[{"href":"https:\/\/aimpulse.io\/fi\/wp-json\/wp\/v2\/types\/page"}],"author":[{"embeddable":true,"href":"https:\/\/aimpulse.io\/fi\/wp-json\/wp\/v2\/users\/2"}],"replies":[{"embeddable":true,"href":"https:\/\/aimpulse.io\/fi\/wp-json\/wp\/v2\/comments?post=2640"}],"version-history":[{"count":37,"href":"https:\/\/aimpulse.io\/fi\/wp-json\/wp\/v2\/pages\/2640\/revisions"}],"predecessor-version":[{"id":2784,"href":"https:\/\/aimpulse.io\/fi\/wp-json\/wp\/v2\/pages\/2640\/revisions\/2784"}],"wp:attachment":[{"href":"https:\/\/aimpulse.io\/fi\/wp-json\/wp\/v2\/media?parent=2640"}],"curies":[{"name":"wp","href":"https:\/\/api.w.org\/{rel}","templated":true}]}}